{"id":223,"date":"2022-10-18T10:30:48","date_gmt":"2022-10-18T10:30:48","guid":{"rendered":"https:\/\/02092023.at\/?page_id=223"},"modified":"2022-10-18T10:34:39","modified_gmt":"2022-10-18T10:34:39","slug":"unsere-geschichte","status":"publish","type":"page","link":"https:\/\/02092023.at\/index.php\/unsere-geschichte\/","title":{"rendered":"Unsere Geschichte"},"content":{"rendered":"<p>[et_pb_section fb_built=&#8220;1&#8243; admin_label=&#8220;Service&#8220; _builder_version=&#8220;4.18.0&#8243; background_enable_image=&#8220;off&#8220; background_size=&#8220;initial&#8220; custom_padding=&#8220;90px||4px|||&#8220; global_colors_info=&#8220;{}&#8220; theme_builder_area=&#8220;post_content&#8220;][et_pb_row custom_padding_last_edited=&#8220;on|phone&#8220; _builder_version=&#8220;4.18.0&#8243; background_enable_image=&#8220;off&#8220; background_size=&#8220;custom&#8220; background_image_width=&#8220;13%&#8220; background_position=&#8220;bottom_left&#8220; custom_padding=&#8220;130px|20px|90px|20px|false|true&#8220; custom_padding_tablet=&#8220;60px||60px||true|true&#8220; custom_padding_phone=&#8220;40px||40px||true|true&#8220; background_last_edited=&#8220;on|desktop&#8220; background_enable_image_phone=&#8220;off&#8220; parallax_phone=&#8220;on&#8220; background_size_phone=&#8220;initial&#8220; background_image_width_phone=&#8220;24%&#8220; background_position_phone=&#8220;center_left&#8220; background_horizontal_offset_phone=&#8220;-15%&#8220; border_width_all=&#8220;4px&#8220; border_color_all=&#8220;rgba(0,0,0,0.1)&#8220; border_style_all=&#8220;double&#8220; locked=&#8220;off&#8220; global_colors_info=&#8220;{}&#8220; theme_builder_area=&#8220;post_content&#8220;][et_pb_column type=&#8220;4_4&#8243; _builder_version=&#8220;4.16&#8243; global_colors_info=&#8220;{}&#8220; theme_builder_area=&#8220;post_content&#8220;][et_pb_text _builder_version=&#8220;4.18.0&#8243; text_font=&#8220;petit formal script||||||||&#8220; text_text_color=&#8220;rgba(221,204,176,0.36)&#8220; text_font_size=&#8220;140px&#8220; text_line_height=&#8220;1em&#8220; text_orientation=&#8220;center&#8220; module_alignment=&#8220;center&#8220; custom_margin=&#8220;-0.8em||-0.3em||false|false&#8220; custom_margin_tablet=&#8220;||-40px||false|false&#8220; custom_margin_phone=&#8220;||-30px||false|false&#8220; custom_margin_last_edited=&#8220;on|tablet&#8220; text_font_size_tablet=&#8220;100px&#8220; text_font_size_phone=&#8220;40px&#8220; text_font_size_last_edited=&#8220;on|phone&#8220; locked=&#8220;off&#8220; global_colors_info=&#8220;{}&#8220; theme_builder_area=&#8220;post_content&#8220;]<\/p>\n<p>Du &amp; Ich<\/p>\n<p>[\/et_pb_text][et_pb_text _builder_version=&#8220;4.18.0&#8243; header_2_font=&#8220;antic didone|||on|||||&#8220; header_2_font_size=&#8220;60px&#8220; header_2_letter_spacing=&#8220;3px&#8220; header_2_line_height=&#8220;1.3em&#8220; text_orientation=&#8220;center&#8220; max_width=&#8220;700px&#8220; module_alignment=&#8220;center&#8220; custom_margin=&#8220;||-1px|||&#8220; header_2_font_size_tablet=&#8220;40px&#8220; header_2_font_size_phone=&#8220;26px&#8220; header_2_font_size_last_edited=&#8220;on|phone&#8220; locked=&#8220;off&#8220; global_colors_info=&#8220;{}&#8220; theme_builder_area=&#8220;post_content&#8220;]<\/p>\n<h2>Unsere Geschichte<\/h2>\n<p>[\/et_pb_text][et_pb_image src=&#8220;https:\/\/02092023.at\/wp-content\/uploads\/2022\/10\/7.png&#8220; title_text=&#8220;7&#8243; _builder_version=&#8220;4.18.0&#8243; _module_preset=&#8220;default&#8220; width=&#8220;8%&#8220; width_tablet=&#8220;21%&#8220; width_phone=&#8220;33%&#8220; width_last_edited=&#8220;on|tablet&#8220; module_alignment=&#8220;center&#8220; global_colors_info=&#8220;{}&#8220; theme_builder_area=&#8220;post_content&#8220;][\/et_pb_image][et_pb_text _builder_version=&#8220;4.18.0&#8243; text_font=&#8220;didact gothic||||||||&#8220; text_font_size=&#8220;16px&#8220; header_4_font=&#8220;Antic Didone|||on|||||&#8220; header_4_text_color=&#8220;#000000&#8243; header_4_font_size=&#8220;20px&#8220; header_4_letter_spacing=&#8220;2px&#8220; header_4_line_height=&#8220;1.4em&#8220; text_orientation=&#8220;center&#8220; max_width=&#8220;700px&#8220; module_alignment=&#8220;center&#8220; hover_enabled=&#8220;0&#8243; text_font_size_tablet=&#8220;15px&#8220; text_font_size_phone=&#8220;14px&#8220; text_font_size_last_edited=&#8220;on|phone&#8220; header_4_font_size_tablet=&#8220;18px&#8220; header_4_font_size_phone=&#8220;&#8220; header_4_font_size_last_edited=&#8220;on|phone&#8220; locked=&#8220;off&#8220; global_colors_info=&#8220;{}&#8220; theme_builder_area=&#8220;post_content&#8220; sticky_enabled=&#8220;0&#8243;]<\/p>\n<p>Kennengelernt haben wir uns am <strong>02.12.2018<\/strong> am Weihnachtsmarkt in W\u00f6lfnitz.<\/p>\n<p>Marc war mit dem 1. Vitalgarten BBQ Club mit einem Stand vor Ort vertreten und sie haben k\u00f6stliche Grillerein komplett aus Fleisch angeboten. Man sollte diesbez\u00fcglich vielleicht erw\u00e4hnen, dass Lucia seit \u00fcber 20 Jahren vegetarisch lebt\u2026Lucia ging also an besagtem Sonntag fr\u00f6hlich in den fr\u00fchen Abendstunden zum Weihnachtsmarkt und das erste das sie dort sah, war der fesche junge Grillmeister!! Unauff\u00e4llig schlich sie am Stand vorbei und studierte dabei ausf\u00fchrlich die angebotenen Speisen, um festzustellen, dass es nichts Fleischloses gab. Somit war der Plan vom zuf\u00e4lligen anquatschen bei einer Essensbestellung dahin! Zum Gl\u00fcck fand sich gleich eine hungrige Bekannte und Lucia verwies ohne zu z\u00f6gern auf den BBQ Stand um ihren Hunger zu stillen und selbstlos wie sie nun mal ist, bat sie nat\u00fcrlich an mit zu kommen. Beim Stand angekommen war der fesche Grillmeister noch fescher und sympathischer als im vorbei gehen gedacht! Lucias Bekannte bestelle sich sogleich ihren Burger und dann kam die Frage von dem feschen Unbekannten an Lucia gerichtet \u201eund was ist mir dir? Hast du keinen Hunger?\u201c \u201eDoch\u201c antwortete Lucia, \u201eaber ihr habt leider nichts ohne Fleisch im Angebot..\u201c Marc: \u201eOh, ach du bist Vegetarierin!? Na dann k\u00f6nnt ich dir ein Salatblatt grillen und in ein Burger Br\u00f6tchen legen!\u201c Lucia war von dem netten Vorschlag eher weniger begeistert, weil sie generell nicht so der Burger Fan ist. Und dann war der Plausch auch schon vorbei, weil der Andrang am Stand sehr gro\u00df war. Traurig, da ohne jegliche Informationen wie Name und \u00e4hnliches, zog Lucia wieder von dannen und mischte sich unter die zahlreichen Besucher am Markt. Zum Gl\u00fcck hatte eine weitere Bekannte etwas sp\u00e4ter auch Hunger und nat\u00fcrlich stand Lucia als Begleitung zum BBQ Stand\u00a0 zur Verf\u00fcgung. Dort stand sie dann alleine an einem Stehtisch (voll mit \u00dcberbleibseln von vorherigen Essern \u2013 so war es auf allen Stehtischen) und der fesche Unbekannte kam \u201ezuf\u00e4llig\u201c zum Abr\u00e4umen ihres Tisches und nur ihres Tisches. Dort unterhielten sie sich ein bisschen, aber relativ kurz und wiederrum OHNE jegliche Informationen. Marc bot allerdings an beim n\u00e4chsten Weihnachtsmarkt im kommenden Jahr f\u00fcr Lucia einen fleischlosen Burger mitzubringen. Dann begann auch schon der Abbau von den St\u00e4nden am Weihnachtsmarkt und der fesche Mann war au\u00dfer Sichtweite. Traurig und frustriert machte Lucia sich zu Fu\u00df auf den Heimweg und schlau wie sie ist, hat sie gleich mal auf Facebook nach dem BBQ Club gesucht. Mit Erfolg, denn dort war ein Gruppenbild mit dem feschen Kerl und siehe da, er hatte das Bild nat\u00fcrlich auch geliked. Schon war eine Nachricht an, wie sie dank Facebook nun wusste, Marc Treger verschickt mit folgendem Text<\/p>\n<p><em>\u201eNachdem er mir seinen Namen nicht verraten hat, muss ich in tats\u00e4chlich stalken. Wegen dem vegetarischen Burger w\u00e4rs gwesen! Liiiiiiiebe Gr\u00fc\u00dfe Lucia\u201c \u2013 02.12.18 19:25<\/em><\/p>\n<p>Es vergehen Tage und es kommt keine Antwort\u2026Lucia dachte sich, naja ist zwar schade aber was solls! Dann endlich am 08.12.18 12:28 Marcs Antwort:<\/p>\n<p><em>\u00a0\u201eHallo! Hab jetzt erst gesehen das du mir geschrieben hast bin eher selten auf Facebook. Freust dich schon auf den Burger\u201c<\/em><\/p>\n<p><em>L: \u201eich freu mich wenn\u2019s ihn gibt UND wenn du ihn machst, sonst nit\u201c<\/em><\/p>\n<p><em>M:\u201cDa musst aber noch lange warten bis es den Burger gibt. Wir k\u00f6nnen uns aber gerne ah vorher mal treffen, wenn du Lust hast?\u201c<\/em><\/p>\n<p>&nbsp;<\/p>\n<p><strong>Und wenn sie nicht gestorben sind, dann leben sie noch heute verliebt, gl\u00fccklich, halbvegetarisch und zufrieden in ihrer kleinen Wohnung zusammen mit ihrem Kater Maximilian Baron von Einzahn.<\/strong><\/p>\n<p>&nbsp;<\/p>\n<p>[\/et_pb_text][\/et_pb_column][\/et_pb_row][et_pb_row _builder_version=&#8220;4.18.0&#8243; _module_preset=&#8220;default&#8220; global_colors_info=&#8220;{}&#8220; theme_builder_area=&#8220;post_content&#8220; disabled_on=&#8220;off|off|on&#8220;][et_pb_column type=&#8220;4_4&#8243; _builder_version=&#8220;4.18.0&#8243; _module_preset=&#8220;default&#8220; global_colors_info=&#8220;{}&#8220; theme_builder_area=&#8220;post_content&#8220;][et_pb_image src=&#8220;https:\/\/02092023.at\/wp-content\/uploads\/2022\/10\/IMG_9713-scaled.jpg&#8220; _builder_version=&#8220;4.18.0&#8243; _module_preset=&#8220;default&#8220; animation_style=&#8220;fade&#8220; scroll_vertical_motion_enable=&#8220;off&#8220; scroll_fade_enable=&#8220;on&#8220; sticky_position_tablet=&#8220;&#8220; sticky_position_phone=&#8220;&#8220; sticky_position_last_edited=&#8220;on|phone&#8220; global_colors_info=&#8220;{}&#8220; theme_builder_area=&#8220;post_content&#8220;][\/et_pb_image][\/et_pb_column][\/et_pb_row][et_pb_row column_structure=&#8220;1_6,1_6,1_6,1_6,1_6,1_6&#8243; use_custom_gutter=&#8220;on&#8220; gutter_width=&#8220;2&#8243; disabled_on=&#8220;on|off|off&#8220; _builder_version=&#8220;4.16&#8243; width=&#8220;100%&#8220; width_tablet=&#8220;80%&#8220; width_phone=&#8220;&#8220; width_last_edited=&#8220;on|phone&#8220; max_width=&#8220;100%&#8220; custom_padding=&#8220;70px|||||&#8220; saved_tabs=&#8220;all&#8220; locked=&#8220;off&#8220; global_colors_info=&#8220;{}&#8220; theme_builder_area=&#8220;post_content&#8220;][et_pb_column type=&#8220;1_6&#8243; _builder_version=&#8220;4.16&#8243; global_colors_info=&#8220;{}&#8220; theme_builder_area=&#8220;post_content&#8220;][et_pb_image src=&#8220;https:\/\/02092023.at\/wp-content\/uploads\/2022\/10\/IMG_0318-scaled.jpg&#8220; title_text=&#8220;wedding-photographer-64&#8243; disabled_on=&#8220;on|on|off&#8220; _builder_version=&#8220;4.18.0&#8243; locked=&#8220;off&#8220; global_colors_info=&#8220;{}&#8220; theme_builder_area=&#8220;post_content&#8220;][\/et_pb_image][\/et_pb_column][et_pb_column type=&#8220;1_6&#8243; _builder_version=&#8220;4.16&#8243; custom_padding=&#8220;||||false|false&#8220; scroll_vertical_motion_enable=&#8220;on&#8220; scroll_vertical_motion=&#8220;0|50|50|100|1|0|-1&#8243; global_colors_info=&#8220;{}&#8220; theme_builder_area=&#8220;post_content&#8220;][et_pb_image src=&#8220;https:\/\/02092023.at\/wp-content\/uploads\/2022\/10\/IMG_9696-scaled.jpg&#8220; title_text=&#8220;wedding-photographer-60&#8243; disabled_on=&#8220;on|on|off&#8220; _builder_version=&#8220;4.18.0&#8243; locked=&#8220;off&#8220; global_colors_info=&#8220;{}&#8220; theme_builder_area=&#8220;post_content&#8220;][\/et_pb_image][\/et_pb_column][et_pb_column type=&#8220;1_6&#8243; _builder_version=&#8220;4.16&#8243; global_colors_info=&#8220;{}&#8220; theme_builder_area=&#8220;post_content&#8220;][et_pb_image src=&#8220;https:\/\/02092023.at\/wp-content\/uploads\/2022\/10\/BW_IMG_0668-scaled.jpg&#8220; title_text=&#8220;wedding-photographer-62&#8243; disabled_on=&#8220;on|on|off&#8220; _builder_version=&#8220;4.18.0&#8243; locked=&#8220;off&#8220; global_colors_info=&#8220;{}&#8220; theme_builder_area=&#8220;post_content&#8220;][\/et_pb_image][\/et_pb_column][et_pb_column type=&#8220;1_6&#8243; _builder_version=&#8220;4.16&#8243; custom_padding=&#8220;||||false|false&#8220; scroll_vertical_motion_enable=&#8220;on&#8220; scroll_vertical_motion=&#8220;0|50|50|100|1|0|-1&#8243; global_colors_info=&#8220;{}&#8220; theme_builder_area=&#8220;post_content&#8220;][et_pb_image src=&#8220;https:\/\/02092023.at\/wp-content\/uploads\/2022\/10\/IMG_9421-scaled.jpg&#8220; title_text=&#8220;wedding-photographer-59&#8243; disabled_on=&#8220;on|on|off&#8220; _builder_version=&#8220;4.18.0&#8243; locked=&#8220;off&#8220; global_colors_info=&#8220;{}&#8220; theme_builder_area=&#8220;post_content&#8220;][\/et_pb_image][\/et_pb_column][et_pb_column type=&#8220;1_6&#8243; _builder_version=&#8220;4.16&#8243; global_colors_info=&#8220;{}&#8220; theme_builder_area=&#8220;post_content&#8220;][et_pb_image src=&#8220;https:\/\/02092023.at\/wp-content\/uploads\/2022\/10\/IMG_9907-scaled.jpg&#8220; title_text=&#8220;wedding-photographer-61&#8243; disabled_on=&#8220;on|on|off&#8220; _builder_version=&#8220;4.18.0&#8243; locked=&#8220;off&#8220; global_colors_info=&#8220;{}&#8220; theme_builder_area=&#8220;post_content&#8220;][\/et_pb_image][\/et_pb_column][et_pb_column type=&#8220;1_6&#8243; _builder_version=&#8220;4.16&#8243; custom_padding=&#8220;||||false|false&#8220; scroll_vertical_motion_enable=&#8220;on&#8220; scroll_vertical_motion=&#8220;0|50|50|100|1|0|-1&#8243; global_colors_info=&#8220;{}&#8220; theme_builder_area=&#8220;post_content&#8220;][et_pb_image src=&#8220;https:\/\/02092023.at\/wp-content\/uploads\/2022\/10\/IMG_9713-scaled.jpg&#8220; title_text=&#8220;wedding-photographer-63&#8243; _builder_version=&#8220;4.18.0&#8243; scroll_fade_enable=&#8220;on&#8220; sticky_position_tablet=&#8220;&#8220; sticky_position_phone=&#8220;&#8220; sticky_position_last_edited=&#8220;on|phone&#8220; locked=&#8220;off&#8220; global_colors_info=&#8220;{}&#8220; theme_builder_area=&#8220;post_content&#8220; disabled_on=&#8220;off|on|off&#8220;][\/et_pb_image][\/et_pb_column][\/et_pb_row][\/et_pb_section][et_pb_section fb_built=&#8220;1&#8243; disabled_on=&#8220;off|off|off&#8220; admin_label=&#8220;Testimonials&#8220; _builder_version=&#8220;4.16&#8243; global_colors_info=&#8220;{}&#8220; theme_builder_area=&#8220;post_content&#8220;][et_pb_row custom_padding_last_edited=&#8220;on|phone&#8220; _builder_version=&#8220;4.18.0&#8243; background_color=&#8220;#A2BBA3&#8243; width=&#8220;100%&#8220; max_width=&#8220;2560px&#8220; custom_padding=&#8220;34px|150px||150px|false|false&#8220; custom_padding_tablet=&#8220;34px|150px||150px|false|false&#8220; custom_padding_phone=&#8220;20px|0px||0px|false|false&#8220; animation_style=&#8220;fade&#8220; global_colors_info=&#8220;{}&#8220; theme_builder_area=&#8220;post_content&#8220;][et_pb_column type=&#8220;4_4&#8243; _builder_version=&#8220;4.18.0&#8243; background_color=&#8220;#A2BBA3&#8243; global_colors_info=&#8220;{}&#8220; theme_builder_area=&#8220;post_content&#8220;][et_pb_slider arrows_custom_color=&#8220;#ddccb0&#8243; dot_nav_custom_color=&#8220;#000000&#8243; _builder_version=&#8220;4.18.0&#8243; header_font=&#8220;antic didone||||||||&#8220; header_text_color=&#8220;#000000&#8243; header_font_size=&#8220;30px&#8220; header_line_height=&#8220;2em&#8220; body_font=&#8220;antic didone|||on|||||&#8220; body_text_color=&#8220;#607867&#8243; body_font_size=&#8220;20px&#8220; body_letter_spacing=&#8220;2px&#8220; body_line_height=&#8220;2em&#8220; background_color=&#8220;rgba(0,0,0,0)&#8220; height_tablet=&#8220;&#8220; height_phone=&#8220;&#8220; height_last_edited=&#8220;on|phone&#8220; max_height_tablet=&#8220;&#8220; max_height_phone=&#8220;&#8220; max_height_last_edited=&#8220;on|phone&#8220; custom_padding=&#8220;70px|20px|70px|20px|true|true&#8220; custom_padding_tablet=&#8220;70px||||false|false&#8220; custom_padding_phone=&#8220;20px|20px|4px|20px|false|false&#8220; custom_padding_last_edited=&#8220;on|phone&#8220; header_font_size_tablet=&#8220;20px&#8220; header_font_size_phone=&#8220;16px&#8220; header_font_size_last_edited=&#8220;on|phone&#8220; body_font_size_tablet=&#8220;18px&#8220; body_font_size_phone=&#8220;16px&#8220; body_font_size_last_edited=&#8220;on|phone&#8220; body_letter_spacing_tablet=&#8220;2px&#8220; body_letter_spacing_last_edited=&#8220;off|tablet&#8220; text_shadow_style=&#8220;preset1&#8243; text_shadow_color=&#8220;rgba(0,0,0,0)&#8220; global_colors_info=&#8220;{}&#8220; theme_builder_area=&#8220;post_content&#8220;][et_pb_slide heading=&#8220;Die Hochzeit ist der goldene Ring einer Kette, die mit einem Blick beginnt und deren Ende die Ewigkeit ist.&#8220; _builder_version=&#8220;4.18.0&#8243; header_text_color=&#8220;#FFFFFF&#8220; header_line_height=&#8220;1.6em&#8220; global_colors_info=&#8220;{}&#8220; sticky_transition=&#8220;on&#8220; theme_builder_area=&#8220;post_content&#8220;]<\/p>\n<p>&#8211; <span>AKhalil Gibran<\/span><\/p>\n<p>[\/et_pb_slide][\/et_pb_slider][\/et_pb_column][\/et_pb_row][\/et_pb_section][et_pb_section fb_built=&#8220;1&#8243; disabled_on=&#8220;off|off|off&#8220; admin_label=&#8220;Gallery&#8220; _builder_version=&#8220;4.18.0&#8243; background_image=&#8220;https:\/\/02092023.at\/wp-content\/uploads\/2022\/10\/8.png&#8220; parallax=&#8220;on&#8220; locked=&#8220;off&#8220; global_colors_info=&#8220;{}&#8220; theme_builder_area=&#8220;post_content&#8220;][et_pb_row column_structure=&#8220;1_3,1_3,1_3&#8243; _builder_version=&#8220;4.16&#8243; custom_padding=&#8220;||0px|||&#8220; global_colors_info=&#8220;{}&#8220; theme_builder_area=&#8220;post_content&#8220;][et_pb_column type=&#8220;1_3&#8243; _builder_version=&#8220;4.16&#8243; global_colors_info=&#8220;{}&#8220; theme_builder_area=&#8220;post_content&#8220;][et_pb_image src=&#8220;https:\/\/02092023.at\/wp-content\/uploads\/2022\/10\/IMG_0560.jpg&#8220; title_text=&#8220;wedding-photographer-20&#8243; show_in_lightbox=&#8220;on&#8220; disabled_on=&#8220;off|off|off&#8220; _builder_version=&#8220;4.18.0&#8243; custom_margin=&#8220;||50px||false|false&#8220; custom_margin_tablet=&#8220;||30px||false|false&#8220; custom_margin_phone=&#8220;&#8220; custom_margin_last_edited=&#8220;on|phone&#8220; locked=&#8220;off&#8220; global_colors_info=&#8220;{}&#8220; theme_builder_area=&#8220;post_content&#8220;][\/et_pb_image][et_pb_image src=&#8220;https:\/\/02092023.at\/wp-content\/uploads\/2022\/10\/IMG_0668-scaled.jpg&#8220; title_text=&#8220;wedding-photographer-21&#8243; show_in_lightbox=&#8220;on&#8220; disabled_on=&#8220;off|off|off&#8220; _builder_version=&#8220;4.18.0&#8243; custom_margin=&#8220;||50px||false|false&#8220; custom_margin_tablet=&#8220;||30px||false|false&#8220; custom_margin_phone=&#8220;&#8220; custom_margin_last_edited=&#8220;on|phone&#8220; locked=&#8220;off&#8220; global_colors_info=&#8220;{}&#8220; theme_builder_area=&#8220;post_content&#8220;][\/et_pb_image][\/et_pb_column][et_pb_column type=&#8220;1_3&#8243; _builder_version=&#8220;4.16&#8243; custom_padding=&#8220;140px||||false|false&#8220; custom_padding_tablet=&#8220;0px||||false|false&#8220; custom_padding_phone=&#8220;&#8220; custom_padding_last_edited=&#8220;on|tablet&#8220; global_colors_info=&#8220;{}&#8220; theme_builder_area=&#8220;post_content&#8220;][et_pb_image src=&#8220;https:\/\/02092023.at\/wp-content\/uploads\/2022\/10\/IMG_0253-scaled.jpg&#8220; title_text=&#8220;wedding-photographer-19&#8243; show_in_lightbox=&#8220;on&#8220; disabled_on=&#8220;off|off|off&#8220; _builder_version=&#8220;4.18.0&#8243; custom_margin=&#8220;||50px||false|false&#8220; custom_margin_tablet=&#8220;||30px||false|false&#8220; custom_margin_phone=&#8220;&#8220; custom_margin_last_edited=&#8220;on|phone&#8220; locked=&#8220;off&#8220; global_colors_info=&#8220;{}&#8220; theme_builder_area=&#8220;post_content&#8220;][\/et_pb_image][et_pb_image src=&#8220;https:\/\/02092023.at\/wp-content\/uploads\/2022\/10\/IMG_9431.jpg&#8220; title_text=&#8220;wedding-photographer-17&#8243; show_in_lightbox=&#8220;on&#8220; disabled_on=&#8220;off|off|off&#8220; _builder_version=&#8220;4.18.0&#8243; custom_margin=&#8220;||50px||false|false&#8220; custom_margin_tablet=&#8220;||30px||false|false&#8220; custom_margin_phone=&#8220;&#8220; custom_margin_last_edited=&#8220;on|phone&#8220; locked=&#8220;off&#8220; global_colors_info=&#8220;{}&#8220; theme_builder_area=&#8220;post_content&#8220;][\/et_pb_image][\/et_pb_column][et_pb_column type=&#8220;1_3&#8243; _builder_version=&#8220;4.16&#8243; global_colors_info=&#8220;{}&#8220; theme_builder_area=&#8220;post_content&#8220;][et_pb_image src=&#8220;https:\/\/02092023.at\/wp-content\/uploads\/2022\/10\/IMG_9884-scaled.jpg&#8220; title_text=&#8220;wedding-photographer-16&#8243; show_in_lightbox=&#8220;on&#8220; disabled_on=&#8220;off|off|off&#8220; _builder_version=&#8220;4.18.0&#8243; custom_margin=&#8220;||50px||false|false&#8220; custom_margin_tablet=&#8220;||30px||false|false&#8220; custom_margin_phone=&#8220;&#8220; custom_margin_last_edited=&#8220;on|phone&#8220; locked=&#8220;off&#8220; global_colors_info=&#8220;{}&#8220; theme_builder_area=&#8220;post_content&#8220;][\/et_pb_image][et_pb_image src=&#8220;https:\/\/02092023.at\/wp-content\/uploads\/2022\/10\/IMG_9502-scaled.jpg&#8220; title_text=&#8220;wedding-photographer-18&#8243; show_in_lightbox=&#8220;on&#8220; disabled_on=&#8220;off|off|off&#8220; _builder_version=&#8220;4.18.0&#8243; custom_margin=&#8220;||50px||false|false&#8220; custom_margin_tablet=&#8220;||30px||false|false&#8220; custom_margin_phone=&#8220;&#8220; custom_margin_last_edited=&#8220;on|phone&#8220; locked=&#8220;off&#8220; global_colors_info=&#8220;{}&#8220; theme_builder_area=&#8220;post_content&#8220;][\/et_pb_image][\/et_pb_column][\/et_pb_row][\/et_pb_section]<\/p>\n","protected":false},"excerpt":{"rendered":"<p>Du &amp; IchUnsere GeschichteKennengelernt haben wir uns am 02.12.2018 am Weihnachtsmarkt in W\u00f6lfnitz. Marc war mit dem 1. Vitalgarten BBQ Club mit einem Stand vor Ort vertreten und sie haben k\u00f6stliche Grillerein komplett aus Fleisch angeboten. Man sollte diesbez\u00fcglich vielleicht erw\u00e4hnen, dass Lucia seit \u00fcber 20 Jahren vegetarisch lebt\u2026Lucia ging also an besagtem Sonntag fr\u00f6hlich in den fr\u00fchen Abendstunden zum Weihnachtsmarkt und das erste das sie dort sah, war der fesche junge Grillmeister!! Unauff\u00e4llig schlich sie am Stand vorbei und studierte dabei ausf\u00fchrlich die angebotenen Speisen, um festzustellen, dass es nichts Fleischloses gab. Somit war der Plan vom zuf\u00e4lligen anquatschen bei einer Essensbestellung dahin! Zum Gl\u00fcck fand sich gleich eine hungrige Bekannte und Lucia verwies ohne zu z\u00f6gern auf den BBQ Stand um ihren Hunger zu stillen und selbstlos wie sie nun mal ist, bat sie nat\u00fcrlich an mit zu kommen. Beim Stand angekommen war der fesche Grillmeister noch fescher und sympathischer als im vorbei gehen gedacht! Lucias Bekannte bestelle sich sogleich ihren Burger und dann kam die Frage von dem feschen Unbekannten an Lucia gerichtet \u201eund was ist mir dir? Hast du keinen Hunger?\u201c \u201eDoch\u201c antwortete Lucia, \u201eaber ihr habt leider nichts ohne Fleisch im Angebot..\u201c Marc: \u201eOh, ach [&hellip;]<\/p>\n","protected":false},"author":1,"featured_media":0,"parent":0,"menu_order":0,"comment_status":"closed","ping_status":"closed","template":"","meta":{"_et_pb_use_builder":"on","_et_pb_old_content":"","_et_gb_content_width":"","footnotes":""},"class_list":["post-223","page","type-page","status-publish","hentry"],"_links":{"self":[{"href":"https:\/\/02092023.at\/index.php\/wp-json\/wp\/v2\/pages\/223","targetHints":{"allow":["GET"]}}],"collection":[{"href":"https:\/\/02092023.at\/index.php\/wp-json\/wp\/v2\/pages"}],"about":[{"href":"https:\/\/02092023.at\/index.php\/wp-json\/wp\/v2\/types\/page"}],"author":[{"embeddable":true,"href":"https:\/\/02092023.at\/index.php\/wp-json\/wp\/v2\/users\/1"}],"replies":[{"embeddable":true,"href":"https:\/\/02092023.at\/index.php\/wp-json\/wp\/v2\/comments?post=223"}],"version-history":[{"count":8,"href":"https:\/\/02092023.at\/index.php\/wp-json\/wp\/v2\/pages\/223\/revisions"}],"predecessor-version":[{"id":245,"href":"https:\/\/02092023.at\/index.php\/wp-json\/wp\/v2\/pages\/223\/revisions\/245"}],"wp:attachment":[{"href":"https:\/\/02092023.at\/index.php\/wp-json\/wp\/v2\/media?parent=223"}],"curies":[{"name":"wp","href":"https:\/\/api.w.org\/{rel}","templated":true}]}}